{"id":67,"date":"2025-09-03T07:26:05","date_gmt":"2025-09-03T07:26:05","guid":{"rendered":"https:\/\/next26658.elev.nextkbh.dk\/?page_id=67"},"modified":"2025-09-04T10:32:02","modified_gmt":"2025-09-04T10:32:02","slug":"fritid","status":"publish","type":"page","link":"https:\/\/next26658.elev.nextkbh.dk\/?page_id=67","title":{"rendered":"Portfolio"},"content":{"rendered":"<div data-colibri-id=\"67-c1\" class=\"style-327 style-local-67-c1 position-relative\">\n  <!---->\n  <div data-colibri-component=\"section\" data-colibri-id=\"67-c2\" id=\"custom\" class=\"h-section h-section-global-spacing d-flex align-items-lg-center align-items-md-center align-items-center style-332 style-local-67-c2 position-relative\">\n    <!---->\n    <!---->\n    <div class=\"h-section-grid-container h-section-boxed-container\">\n      <!---->\n      <div data-colibri-id=\"67-c3\" class=\"h-row-container gutters-row-lg-2 gutters-row-md-2 gutters-row-0 gutters-row-v-lg-2 gutters-row-v-md-2 gutters-row-v-2 style-333 style-local-67-c3 position-relative\">\n        <!---->\n        <div class=\"h-row justify-content-lg-center justify-content-md-center justify-content-center align-items-lg-stretch align-items-md-stretch align-items-stretch gutters-col-lg-2 gutters-col-md-2 gutters-col-0 gutters-col-v-lg-2 gutters-col-v-md-2 gutters-col-v-2\">\n          <!---->\n          <div class=\"h-column h-column-container d-flex h-col-lg-auto h-col-md-auto h-col-auto style-334-outer style-local-67-c4-outer\">\n            <div data-colibri-id=\"67-c4\" class=\"d-flex h-flex-basis h-column__inner h-px-lg-2 h-px-md-2 h-px-2 v-inner-lg-2 v-inner-md-2 v-inner-2 style-334 style-local-67-c4 position-relative\">\n              <!---->\n              <!---->\n              <div class=\"w-100 h-y-container h-column__content h-column__v-align flex-basis-100 align-self-lg-start align-self-md-start align-self-start\">\n                <!---->\n                <div data-colibri-id=\"67-c5\" class=\"d-block style-338 style-local-67-c5 position-relative h-element\">\n                  <!---->\n                  <div class=\"h-image__frame-container-outer\">\n                    <a href=\"https:\/\/next26658.elev.nextkbh.dk\/wp-content\/uploads\/2025\/09\/RoskildeZoo.pdf\" target=\"_blank\" h-use-smooth-scroll=\"true\" class=\"image-link\">\n                      <div class=\"h-image__frame-container\">\n                        <!---->\n                        <!---->\n                        <img loading=\"lazy\" decoding=\"async\" width=\"2560\" height=\"1696\" src=\"https:\/\/next26658.elev.nextkbh.dk\/wp-content\/uploads\/2025\/09\/slangehoved-scaled.png\" class=\"wp-image-319 style-338-image style-local-67-c5-image\" alt=\"\" srcset=\"https:\/\/next26658.elev.nextkbh.dk\/wp-content\/uploads\/2025\/09\/slangehoved-scaled.png 2560w, https:\/\/next26658.elev.nextkbh.dk\/wp-content\/uploads\/2025\/09\/slangehoved-300x199.png 300w, https:\/\/next26658.elev.nextkbh.dk\/wp-content\/uploads\/2025\/09\/slangehoved-1024x678.png 1024w, https:\/\/next26658.elev.nextkbh.dk\/wp-content\/uploads\/2025\/09\/slangehoved-768x509.png 768w, https:\/\/next26658.elev.nextkbh.dk\/wp-content\/uploads\/2025\/09\/slangehoved-1536x1017.png 1536w, https:\/\/next26658.elev.nextkbh.dk\/wp-content\/uploads\/2025\/09\/slangehoved-2048x1356.png 2048w\" sizes=\"auto, (max-width: 2560px) 100vw, 2560px\" \/>\n                        <div class=\"h-image__frame h-hide-lg h-hide-md h-hide-sm style-338-frameImage style-local-67-c5-frameImage\"><\/div>\n                      <\/div>\n                    <\/a>\n                  <\/div>\n                <\/div>\n              <\/div>\n            <\/div>\n          <\/div>\n          <div class=\"h-column h-column-container d-flex h-col-lg-auto h-col-md-auto h-col-auto style-339-outer style-local-67-c6-outer\">\n            <div data-colibri-id=\"67-c6\" class=\"d-flex h-flex-basis h-column__inner h-px-lg-2 h-px-md-2 h-px-2 v-inner-lg-2 v-inner-md-2 v-inner-2 style-339 style-local-67-c6 position-relative\">\n              <!---->\n              <!---->\n              <div class=\"w-100 h-y-container h-column__content h-column__v-align flex-basis-100 align-self-lg-start align-self-md-start align-self-start\">\n                <!---->\n                <div data-colibri-id=\"67-c7\" class=\"h-global-transition-all h-heading style-340 style-local-67-c7 position-relative h-element\">\n                  <!---->\n                  <div class=\"h-heading__outer style-340 style-local-67-c7\">\n                    <!---->\n                    <!---->\n                    <h4 class=\"\">Folder (148&#215;210 mm)<\/h4>\n                  <\/div>\n                <\/div>\n                <div data-colibri-id=\"67-c8\" class=\"h-text h-text-component style-335 style-local-67-c8 position-relative h-element\">\n                  <!---->\n                  <!---->\n                  <div class=\"\">\n                    <p>Jeg startede med at s\u00e6tte dokumentet korrekt op i InDesign ud fra de m\u00e5l, margener og baseline grid, der stod i opgavebeskrivelsen. Derefter importerede jeg teksten fra roskildeZooTekst.docx og begyndte at arbejde med typografien.\n                      Jeg fulgte de fastlagte krav til skrifttyper og rubrikniveauer, men jeg justerede ops\u00e6tningen, s\u00e5 der blev skabt et tydeligt hierarki mellem rubrikker, mellemrubrikker og br\u00f8dtekst.<\/p>\n                    <p>Jeg valgte at bruge farverne gr\u00f8n og orange konsekvent, fordi de b\u00e5de matcher Roskilde Zoos identitet og giver et venligt udtryk, der tiltaler b\u00f8rnefamilier. For at sikre en p\u00e6n spalteops\u00e6tning brugte jeg de angivne hyphenation- og\n                      justification-indstillinger, hvilket gjorde teksten let at l\u00e6se og visuelt harmonisk.<\/p>\n                  <\/div>\n                <\/div>\n              <\/div>\n            <\/div>\n          <\/div>\n        <\/div>\n      <\/div>\n    <\/div>\n  <\/div>\n  <div data-colibri-component=\"section\" data-colibri-id=\"67-c9\" id=\"custom-2\" class=\"h-section h-section-global-spacing d-flex align-items-lg-center align-items-md-center align-items-center style-341 style-local-67-c9 position-relative\">\n    <!---->\n    <!---->\n    <div class=\"h-section-grid-container h-section-boxed-container\">\n      <!---->\n      <div data-colibri-id=\"67-c10\" class=\"h-row-container gutters-row-lg-2 gutters-row-md-2 gutters-row-0 gutters-row-v-lg-2 gutters-row-v-md-2 gutters-row-v-2 style-342 style-local-67-c10 position-relative\">\n        <!---->\n        <div class=\"h-row justify-content-lg-center justify-content-md-center justify-content-center align-items-lg-stretch align-items-md-stretch align-items-stretch gutters-col-lg-2 gutters-col-md-2 gutters-col-0 gutters-col-v-lg-2 gutters-col-v-md-2 gutters-col-v-2\">\n          <!---->\n          <div class=\"h-column h-column-container d-flex h-col-lg-auto h-col-md-auto h-col-auto style-343-outer style-local-67-c11-outer\">\n            <div data-colibri-id=\"67-c11\" class=\"d-flex h-flex-basis h-column__inner h-px-lg-2 h-px-md-2 h-px-2 v-inner-lg-2 v-inner-md-2 v-inner-2 style-343 style-local-67-c11 position-relative\">\n              <!---->\n              <!---->\n              <div class=\"w-100 h-y-container h-column__content h-column__v-align flex-basis-100 align-self-lg-start align-self-md-start align-self-start\">\n                <!---->\n                <div data-colibri-id=\"67-c12\" class=\"h-global-transition-all h-heading style-349 style-local-67-c12 position-relative h-element\">\n                  <!---->\n                  <div class=\"h-heading__outer style-349 style-local-67-c12\">\n                    <!---->\n                    <!---->\n                    <h4 class=\"\">Billedbehandling<\/h4>\n                  <\/div>\n                <\/div>\n                <div data-colibri-id=\"67-c13\" class=\"h-text h-text-component style-344 style-local-67-c13 position-relative h-element\">\n                  <!---->\n                  <!---->\n                  <div class=\"\">\n                    <p>Jeg arbejdede med to billeder i Photoshop.<\/p>\n                    <p>\u2022 Fr\u00f8en p\u00e5 forsiden: Jeg gjorde hele billedet sort\/hvid, men lod fr\u00f8ens \u00f8je forblive i farve. Derefter justerede jeg \u00f8jets r\u00f8dlige tone og fremh\u00e6vede detaljerne, s\u00e5 det fik en tydelig kontrast og blev blikfang p\u00e5 forsiden.<\/p>\n                    <p>\u2022 Slangehovedet: Jeg frilagde slangen ved hj\u00e6lp af markeringsv\u00e6rkt\u00f8jer og lagmasker. For at f\u00e5 et rent og professionelt resultat udj\u00e6vnede jeg kanterne og tilpassede billedet, s\u00e5 det passede ind i layoutet.<\/p>\n                    <p>Til sidst gemte jeg begge billeder i CMYK og i den rette opl\u00f8sning, s\u00e5 de var klar til tryk.<\/p>\n                  <\/div>\n                <\/div>\n              <\/div>\n            <\/div>\n          <\/div>\n          <div class=\"h-column h-column-container d-flex h-col-lg-auto h-col-md-auto h-col-auto style-348-outer style-local-67-c14-outer\">\n            <div data-colibri-id=\"67-c14\" class=\"d-flex h-flex-basis h-column__inner h-px-lg-2 h-px-md-2 h-px-2 v-inner-lg-2 v-inner-md-2 v-inner-2 style-348 style-local-67-c14 position-relative\">\n              <!---->\n              <!---->\n              <div class=\"w-100 h-y-container h-column__content h-column__v-align flex-basis-100 align-self-lg-start align-self-md-start align-self-start\">\n                <!---->\n                <div data-colibri-id=\"67-c15\" class=\"d-block style-347 style-local-67-c15 position-relative h-element\">\n                  <!---->\n                  <div class=\"h-image__frame-container-outer\">\n                    <div class=\"h-image__frame-container\">\n                      <!---->\n                      <!---->\n                      <img loading=\"lazy\" decoding=\"async\" width=\"2560\" height=\"1696\" src=\"https:\/\/next26658.elev.nextkbh.dk\/wp-content\/uploads\/2025\/09\/froe_forside-scaled.png\" class=\"wp-image-311 style-347-image style-local-67-c15-image\" alt=\"\" srcset=\"https:\/\/next26658.elev.nextkbh.dk\/wp-content\/uploads\/2025\/09\/froe_forside-scaled.png 2560w, https:\/\/next26658.elev.nextkbh.dk\/wp-content\/uploads\/2025\/09\/froe_forside-300x199.png 300w, https:\/\/next26658.elev.nextkbh.dk\/wp-content\/uploads\/2025\/09\/froe_forside-1024x678.png 1024w, https:\/\/next26658.elev.nextkbh.dk\/wp-content\/uploads\/2025\/09\/froe_forside-768x509.png 768w, https:\/\/next26658.elev.nextkbh.dk\/wp-content\/uploads\/2025\/09\/froe_forside-1536x1017.png 1536w, https:\/\/next26658.elev.nextkbh.dk\/wp-content\/uploads\/2025\/09\/froe_forside-2048x1356.png 2048w\" sizes=\"auto, (max-width: 2560px) 100vw, 2560px\" \/>\n                      <div class=\"h-image__frame h-hide-lg h-hide-md h-hide-sm style-347-frameImage style-local-67-c15-frameImage\"><\/div>\n                    <\/div>\n                  <\/div>\n                <\/div>\n              <\/div>\n            <\/div>\n          <\/div>\n        <\/div>\n      <\/div>\n    <\/div>\n  <\/div>\n  <div data-colibri-component=\"section\" data-colibri-id=\"67-c16\" id=\"custom-3\" class=\"h-section h-section-global-spacing d-flex align-items-lg-center align-items-md-center align-items-center style-350 style-local-67-c16 position-relative\">\n    <!---->\n    <!---->\n    <div class=\"h-section-grid-container h-section-boxed-container\">\n      <!---->\n      <div data-colibri-id=\"67-c17\" class=\"h-row-container gutters-row-lg-2 gutters-row-md-2 gutters-row-0 gutters-row-v-lg-2 gutters-row-v-md-2 gutters-row-v-2 style-351 style-local-67-c17 position-relative\">\n        <!---->\n        <div class=\"h-row justify-content-lg-center justify-content-md-center justify-content-center align-items-lg-stretch align-items-md-stretch align-items-stretch gutters-col-lg-2 gutters-col-md-2 gutters-col-0 gutters-col-v-lg-2 gutters-col-v-md-2 gutters-col-v-2\">\n          <!---->\n          <div class=\"h-column h-column-container d-flex h-col-lg-auto h-col-md-auto h-col-auto style-352-outer style-local-67-c18-outer\">\n            <div data-colibri-id=\"67-c18\" class=\"d-flex h-flex-basis h-column__inner h-px-lg-2 h-px-md-2 h-px-2 v-inner-lg-2 v-inner-md-2 v-inner-2 style-352 style-local-67-c18 position-relative\">\n              <!---->\n              <!---->\n              <div class=\"w-100 h-y-container h-column__content h-column__v-align flex-basis-100 align-self-lg-start align-self-md-start align-self-start\">\n                <!---->\n                <div data-colibri-id=\"67-c19\" class=\"d-block style-355 style-local-67-c19 position-relative h-element\">\n                  <!---->\n                  <div class=\"h-image__frame-container-outer\">\n                    <div class=\"h-image__frame-container\">\n                      <!---->\n                      <!---->\n                      <img loading=\"lazy\" decoding=\"async\" width=\"512\" height=\"512\" src=\"https:\/\/next26658.elev.nextkbh.dk\/wp-content\/uploads\/2025\/09\/logo-zoo.png\" class=\"wp-image-242 style-355-image style-local-67-c19-image\" alt=\"\" srcset=\"https:\/\/next26658.elev.nextkbh.dk\/wp-content\/uploads\/2025\/09\/logo-zoo.png 512w, https:\/\/next26658.elev.nextkbh.dk\/wp-content\/uploads\/2025\/09\/logo-zoo-300x300.png 300w, https:\/\/next26658.elev.nextkbh.dk\/wp-content\/uploads\/2025\/09\/logo-zoo-150x150.png 150w\" sizes=\"auto, (max-width: 512px) 100vw, 512px\" \/>\n                      <div class=\"h-image__frame h-hide-lg h-hide-md h-hide-sm style-355-frameImage style-local-67-c19-frameImage\"><\/div>\n                    <\/div>\n                  <\/div>\n                <\/div>\n              <\/div>\n            <\/div>\n          <\/div>\n          <div class=\"h-column h-column-container d-flex h-col-lg-auto h-col-md-auto h-col-auto style-353-outer style-local-67-c20-outer\">\n            <div data-colibri-id=\"67-c20\" class=\"d-flex h-flex-basis h-column__inner h-px-lg-2 h-px-md-2 h-px-2 v-inner-lg-2 v-inner-md-2 v-inner-2 style-353 style-local-67-c20 position-relative\">\n              <!---->\n              <!---->\n              <div class=\"w-100 h-y-container h-column__content h-column__v-align flex-basis-100 align-self-lg-start align-self-md-start align-self-start\">\n                <!---->\n                <div data-colibri-id=\"67-c21\" class=\"h-global-transition-all h-heading style-356 style-local-67-c21 position-relative h-element\">\n                  <!---->\n                  <div class=\"h-heading__outer style-356 style-local-67-c21\">\n                    <!---->\n                    <!---->\n                    <h4 class=\"\">Rentegning af logo<\/h4>\n                  <\/div>\n                <\/div>\n                <div data-colibri-id=\"67-c22\" class=\"h-text h-text-component style-354 style-local-67-c22 position-relative h-element\">\n                  <!---->\n                  <!---->\n                  <div class=\"\">\n                    <p>Lorem ipsum dolor sit amet, at mei dolore tritani repudiandae. In his nemore temporibus consequuntur, vim ad primaI Illustrator rentegnede jeg logoet ud fra den udleverede AI-fil. Jeg brugte Merriweather som skrifttype og s\u00f8rgede for,\n                      at alle elementer blev pr\u00e6cist genskabt, s\u00e5 logoet kan bruges i b\u00e5de tryk og digitalt uden at miste kvalitet.<\/p>\n                    <p>Jeg eksperimenterede med forskellige farvekombinationer og besluttede at bruge gr\u00f8n og orange, s\u00e5 logoet kom til at h\u00e6nge sammen med folderens visuelle stil. Mit fokus var at skabe et im\u00f8dekommende og genkendeligt udtryk, der passede\n                      til b\u00f8rnefamilier som m\u00e5lgruppe.<\/p>\n                    <p>vivendum consetetur. Viderer feugiat at pro, mea aperiam<\/p>\n                  <\/div>\n                <\/div>\n              <\/div>\n            <\/div>\n          <\/div>\n        <\/div>\n      <\/div>\n    <\/div>\n  <\/div>\n  <div data-colibri-component=\"section\" data-colibri-id=\"67-c23\" id=\"custom-4\" class=\"h-section h-section-global-spacing d-flex align-items-lg-center align-items-md-center align-items-center style-357 style-local-67-c23 position-relative\">\n    <!---->\n    <!---->\n    <div class=\"h-section-grid-container h-section-boxed-container\">\n      <!---->\n      <div data-colibri-id=\"67-c24\" class=\"h-row-container gutters-row-lg-2 gutters-row-md-2 gutters-row-0 gutters-row-v-lg-2 gutters-row-v-md-2 gutters-row-v-2 style-358 style-local-67-c24 position-relative\">\n        <!---->\n        <div class=\"h-row justify-content-lg-center justify-content-md-center justify-content-center align-items-lg-stretch align-items-md-stretch align-items-stretch gutters-col-lg-2 gutters-col-md-2 gutters-col-0 gutters-col-v-lg-2 gutters-col-v-md-2 gutters-col-v-2\">\n          <!---->\n          <div class=\"h-column h-column-container d-flex h-col-lg-auto h-col-md-auto h-col-auto style-359-outer style-local-67-c25-outer\">\n            <div data-colibri-id=\"67-c25\" class=\"d-flex h-flex-basis h-column__inner h-px-lg-2 h-px-md-2 h-px-2 v-inner-lg-2 v-inner-md-2 v-inner-2 style-359 style-local-67-c25 position-relative\">\n              <!---->\n              <!---->\n              <div class=\"w-100 h-y-container h-column__content h-column__v-align flex-basis-100 align-self-lg-start align-self-md-start align-self-start\">\n                <!---->\n                <div data-colibri-id=\"67-c26\" class=\"h-global-transition-all h-heading style-361 style-local-67-c26 position-relative h-element\">\n                  <!---->\n                  <div class=\"h-heading__outer style-361 style-local-67-c26\">\n                    <!---->\n                    <!---->\n                    <h4 class=\"\">Refleksion<\/h4>\n                  <\/div>\n                <\/div>\n                <div data-colibri-id=\"67-c27\" class=\"h-text h-text-component style-360 style-local-67-c27 position-relative h-element\">\n                  <!---->\n                  <!---->\n                  <div class=\"\">\n                    <p>Jeg synes, opgaven gav mig en god mulighed for at kombinere flere forskellige grafiske discipliner: ops\u00e6tning i InDesign, billedbehandling i Photoshop og rentegning i Illustrator. Jeg fik tr\u00e6net b\u00e5de min tekniske pr\u00e6cision og min evne\n                      til at tr\u00e6ffe designvalg, der underst\u00f8tter en visuel identitet.<\/p>\n                  <\/div>\n                <\/div>\n              <\/div>\n            <\/div>\n          <\/div>\n        <\/div>\n      <\/div>\n    <\/div>\n  <\/div>\n<\/div>","protected":false},"excerpt":{"rendered":"<p>Folder (148&#215;210 mm) Jeg startede med at s\u00e6tte dokumentet korrekt op i InDesign [&hellip;]<\/p>\n","protected":false},"author":1,"featured_media":0,"parent":0,"menu_order":0,"comment_status":"closed","ping_status":"closed","template":"page-templates\/full-width-page.php","meta":{"footnotes":""},"class_list":["post-67","page","type-page","status-publish","hentry"],"_links":{"self":[{"href":"https:\/\/next26658.elev.nextkbh.dk\/index.php?rest_route=\/wp\/v2\/pages\/67","targetHints":{"allow":["GET"]}}],"collection":[{"href":"https:\/\/next26658.elev.nextkbh.dk\/index.php?rest_route=\/wp\/v2\/pages"}],"about":[{"href":"https:\/\/next26658.elev.nextkbh.dk\/index.php?rest_route=\/wp\/v2\/types\/page"}],"author":[{"embeddable":true,"href":"https:\/\/next26658.elev.nextkbh.dk\/index.php?rest_route=\/wp\/v2\/users\/1"}],"replies":[{"embeddable":true,"href":"https:\/\/next26658.elev.nextkbh.dk\/index.php?rest_route=%2Fwp%2Fv2%2Fcomments&post=67"}],"version-history":[{"count":8,"href":"https:\/\/next26658.elev.nextkbh.dk\/index.php?rest_route=\/wp\/v2\/pages\/67\/revisions"}],"predecessor-version":[{"id":323,"href":"https:\/\/next26658.elev.nextkbh.dk\/index.php?rest_route=\/wp\/v2\/pages\/67\/revisions\/323"}],"wp:attachment":[{"href":"https:\/\/next26658.elev.nextkbh.dk\/index.php?rest_route=%2Fwp%2Fv2%2Fmedia&parent=67"}],"curies":[{"name":"wp","href":"https:\/\/api.w.org\/{rel}","templated":true}]}}