{"id":79,"date":"2025-09-03T07:31:54","date_gmt":"2025-09-03T07:31:54","guid":{"rendered":"https:\/\/next26658.elev.nextkbh.dk\/?page_id=79"},"modified":"2025-09-04T10:32:51","modified_gmt":"2025-09-04T10:32:51","slug":"hovedforlob-1","status":"publish","type":"page","link":"https:\/\/next26658.elev.nextkbh.dk\/?page_id=79","title":{"rendered":"Om mig"},"content":{"rendered":"<div data-colibri-id=\"79-c1\" class=\"style-299 style-local-79-c1 position-relative\">\n  <!---->\n  <div data-colibri-component=\"section\" data-colibri-id=\"79-c2\" id=\"custom\" class=\"h-section h-section-global-spacing d-flex align-items-lg-center align-items-md-center align-items-center style-303 style-local-79-c2 position-relative\">\n    <!---->\n    <!---->\n    <div class=\"h-section-grid-container h-section-boxed-container\">\n      <!---->\n      <div data-colibri-id=\"79-c3\" class=\"h-row-container gutters-row-lg-2 gutters-row-md-2 gutters-row-0 gutters-row-v-lg-2 gutters-row-v-md-2 gutters-row-v-2 style-310 style-local-79-c3 position-relative\">\n        <!---->\n        <div class=\"h-row justify-content-lg-center justify-content-md-center justify-content-center align-items-lg-stretch align-items-md-stretch align-items-stretch gutters-col-lg-2 gutters-col-md-2 gutters-col-0 gutters-col-v-lg-2 gutters-col-v-md-2 gutters-col-v-2\">\n          <!---->\n          <div class=\"h-column h-column-container d-flex h-col-lg-auto h-col-md-auto h-col-auto style-311-outer style-local-79-c4-outer\">\n            <div data-colibri-id=\"79-c4\" class=\"d-flex h-flex-basis h-column__inner h-px-lg-2 h-px-md-2 h-px-2 v-inner-lg-2 v-inner-md-2 v-inner-2 style-311 style-local-79-c4 position-relative\">\n              <!---->\n              <!---->\n              <div class=\"w-100 h-y-container h-column__content h-column__v-align flex-basis-100 align-self-lg-start align-self-md-start align-self-start\">\n                <!---->\n                <div data-colibri-id=\"79-c5\" class=\"d-block style-309 style-local-79-c5 position-relative h-element\">\n                  <!---->\n                  <div class=\"h-image__frame-container-outer\">\n                    <div class=\"h-image__frame-container\">\n                      <!---->\n                      <!---->\n                      <img loading=\"lazy\" decoding=\"async\" width=\"1920\" height=\"1115\" src=\"https:\/\/next26658.elev.nextkbh.dk\/wp-content\/uploads\/2025\/09\/asger-portraet.jpg\" class=\"wp-image-172 style-309-image style-local-79-c5-image\" alt=\"\" srcset=\"https:\/\/next26658.elev.nextkbh.dk\/wp-content\/uploads\/2025\/09\/asger-portraet.jpg 1920w, https:\/\/next26658.elev.nextkbh.dk\/wp-content\/uploads\/2025\/09\/asger-portraet-300x174.jpg 300w, https:\/\/next26658.elev.nextkbh.dk\/wp-content\/uploads\/2025\/09\/asger-portraet-1024x595.jpg 1024w, https:\/\/next26658.elev.nextkbh.dk\/wp-content\/uploads\/2025\/09\/asger-portraet-768x446.jpg 768w, https:\/\/next26658.elev.nextkbh.dk\/wp-content\/uploads\/2025\/09\/asger-portraet-1536x892.jpg 1536w\" sizes=\"auto, (max-width: 1920px) 100vw, 1920px\" \/>\n                      <div class=\"h-image__frame h-hide-lg h-hide-md h-hide-sm style-309-frameImage style-local-79-c5-frameImage\"><\/div>\n                    <\/div>\n                  <\/div>\n                <\/div>\n              <\/div>\n            <\/div>\n          <\/div>\n          <div class=\"h-column h-column-container d-flex h-col-lg-auto h-col-md-auto h-col-auto style-312-outer style-local-79-c6-outer\">\n            <div data-colibri-id=\"79-c6\" class=\"d-flex h-flex-basis h-column__inner h-px-lg-2 h-px-md-2 h-px-2 v-inner-lg-2 v-inner-md-2 v-inner-2 style-312 style-local-79-c6 position-relative\">\n              <!---->\n              <!---->\n              <div class=\"w-100 h-y-container h-column__content h-column__v-align flex-basis-100 align-self-lg-start align-self-md-start align-self-start\">\n                <!---->\n                <div data-colibri-id=\"79-c7\" class=\"h-global-transition-all h-heading style-313 style-local-79-c7 position-relative h-element\">\n                  <!---->\n                  <div class=\"h-heading__outer style-313 style-local-79-c7\">\n                    <!---->\n                    <!---->\n                    <h2 class=\"\">Lidt om mig<\/h2>\n                  <\/div>\n                <\/div>\n                <div data-colibri-id=\"79-c8\" class=\"h-text h-text-component style-306 style-local-79-c8 position-relative h-element\">\n                  <!---->\n                  <!---->\n                  <div class=\"\">\n                    <p>Mit navn er Asger Tomfrid Nielsen, jeg er 26 \u00e5r og arbejder til daglig hos reklamebureauet BrandMe, hvor jeg er med til at l\u00f8se opgaver, der sp\u00e6nder fra trykte produktioner til digitale l\u00f8sninger. Jeg br\u00e6nder for grafisk design og\n                      nyder at skabe visuelle udtryk, der b\u00e5de er funktionelle og \u00e6stetiske.<\/p>\n                    <p>N\u00e5r jeg ikke sidder foran sk\u00e6rmen, kan jeg ofte findes p\u00e5 Amager, hvor jeg tr\u00e6ner parkour \u2013 en sport der ligesom mit arbejde kr\u00e6ver b\u00e5de kreativitet, pr\u00e6cision og mod. Jeg har ogs\u00e5 en firbenet tr\u00e6ningsmakker, min hund Munken, som f\u00f8lger\n                      mig trofast i hverdagen.<\/p>\n                    <p>\n                      <br>\n                    <\/p>\n                  <\/div>\n                <\/div>\n              <\/div>\n            <\/div>\n          <\/div>\n        <\/div>\n      <\/div>\n    <\/div>\n  <\/div>\n<\/div>","protected":false},"excerpt":{"rendered":"<p>Lidt om mig Mit navn er Asger Tomfrid Nielsen, jeg er 26 \u00e5r [&hellip;]<\/p>\n","protected":false},"author":1,"featured_media":0,"parent":0,"menu_order":0,"comment_status":"closed","ping_status":"closed","template":"page-templates\/full-width-page.php","meta":{"footnotes":""},"class_list":["post-79","page","type-page","status-publish","hentry"],"_links":{"self":[{"href":"https:\/\/next26658.elev.nextkbh.dk\/index.php?rest_route=\/wp\/v2\/pages\/79","targetHints":{"allow":["GET"]}}],"collection":[{"href":"https:\/\/next26658.elev.nextkbh.dk\/index.php?rest_route=\/wp\/v2\/pages"}],"about":[{"href":"https:\/\/next26658.elev.nextkbh.dk\/index.php?rest_route=\/wp\/v2\/types\/page"}],"author":[{"embeddable":true,"href":"https:\/\/next26658.elev.nextkbh.dk\/index.php?rest_route=\/wp\/v2\/users\/1"}],"replies":[{"embeddable":true,"href":"https:\/\/next26658.elev.nextkbh.dk\/index.php?rest_route=%2Fwp%2Fv2%2Fcomments&post=79"}],"version-history":[{"count":9,"href":"https:\/\/next26658.elev.nextkbh.dk\/index.php?rest_route=\/wp\/v2\/pages\/79\/revisions"}],"predecessor-version":[{"id":330,"href":"https:\/\/next26658.elev.nextkbh.dk\/index.php?rest_route=\/wp\/v2\/pages\/79\/revisions\/330"}],"wp:attachment":[{"href":"https:\/\/next26658.elev.nextkbh.dk\/index.php?rest_route=%2Fwp%2Fv2%2Fmedia&parent=79"}],"curies":[{"name":"wp","href":"https:\/\/api.w.org\/{rel}","templated":true}]}}